{"id":102,"date":"2024-05-02T12:50:04","date_gmt":"2024-05-02T12:50:04","guid":{"rendered":"https:\/\/www.mbenefits.ch\/methodologie-et-logiciels\/"},"modified":"2026-04-09T07:51:49","modified_gmt":"2026-04-09T07:51:49","slug":"logiciel-danalyse","status":"publish","type":"page","link":"https:\/\/www.mbenefits.ch\/fr\/logiciel-danalyse\/","title":{"rendered":"LE LOGICIEL D\u2019ANALYSE MBENEFITS : L\u2019EFFICACITE ENERGETIQUE EN ACTION"},"content":{"rendered":"<h5><span style=\"font-size: 14pt;\">Une solution simple et claire pour identifier, \u00e9valuer et communiquer les b\u00e9n\u00e9fices non \u00e9nerg\u00e9tiques de vos investissements en efficacit\u00e9 \u00e9nerg\u00e9tique et d\u00e9carbonation.<\/span><\/h5>\n","protected":false},"excerpt":{"rendered":"<p>Une solution simple et claire pour identifier, \u00e9valuer et communiquer les b\u00e9n\u00e9fices non \u00e9nerg\u00e9tiques de vos investissements en efficacit\u00e9 \u00e9nerg\u00e9tique et d\u00e9carbonation.<\/p>\n","protected":false},"author":1,"featured_media":488,"parent":0,"menu_order":0,"comment_status":"closed","ping_status":"closed","template":"","meta":{"inline_featured_image":false,"footnotes":""},"_links":{"self":[{"href":"https:\/\/www.mbenefits.ch\/fr\/wp-json\/wp\/v2\/pages\/102"}],"collection":[{"href":"https:\/\/www.mbenefits.ch\/fr\/wp-json\/wp\/v2\/pages"}],"about":[{"href":"https:\/\/www.mbenefits.ch\/fr\/wp-json\/wp\/v2\/types\/page"}],"author":[{"embeddable":true,"href":"https:\/\/www.mbenefits.ch\/fr\/wp-json\/wp\/v2\/users\/1"}],"replies":[{"embeddable":true,"href":"https:\/\/www.mbenefits.ch\/fr\/wp-json\/wp\/v2\/comments?post=102"}],"version-history":[{"count":44,"href":"https:\/\/www.mbenefits.ch\/fr\/wp-json\/wp\/v2\/pages\/102\/revisions"}],"predecessor-version":[{"id":655,"href":"https:\/\/www.mbenefits.ch\/fr\/wp-json\/wp\/v2\/pages\/102\/revisions\/655"}],"wp:featuredmedia":[{"embeddable":true,"href":"https:\/\/www.mbenefits.ch\/fr\/wp-json\/wp\/v2\/media\/488"}],"wp:attachment":[{"href":"https:\/\/www.mbenefits.ch\/fr\/wp-json\/wp\/v2\/media?parent=102"}],"curies":[{"name":"wp","href":"https:\/\/api.w.org\/{rel}","templated":true}]}}