{"id":352,"date":"2024-10-23T13:05:10","date_gmt":"2024-10-23T13:05:10","guid":{"rendered":"https:\/\/www.mbenefits.ch\/?page_id=352"},"modified":"2024-10-23T13:10:24","modified_gmt":"2024-10-23T13:10:24","slug":"mentions-legales","status":"publish","type":"page","link":"https:\/\/www.mbenefits.ch\/fr\/mentions-legales\/","title":{"rendered":"Mentions l\u00e9gales"},"content":{"rendered":"<p>\u00c9DITEUR<\/p>\n<p>Le pr\u00e9sent site Internet www.mbenefits.ch est \u00e9dit\u00e9 et exploit\u00e9 par la soci\u00e9t\u00e9 Ipso Facto SA, dont les informations sont les suivantes :<\/p>\n<p>Nom de Soci\u00e9t\u00e9 : Ipso Facto SA<br \/>\nDirecteur(s) de la soci\u00e9t\u00e9 : Mme Catherine Cooremans<br \/>\nAdresse du si\u00e8ge social : Rue Joseph-Girard 6, 1227 Carouge GE, SUISSE<br \/>\nN\u00b0 registre commerce : CH-660.0.135.986-7<br \/>\nForme juridique : Soci\u00e9t\u00e9 anonyme<br \/>\nSecteur : Service concernant conseil aux entreprises<br \/>\nIDE\/TVA : CHE-103.549.903<br \/>\nEmail : catherine.cooremans@ipso-facto.ch<\/p>\n<p>DIRECTEUR DE PUBLICATION<\/p>\n<p>Le directeur de publication du pr\u00e9sent site est Mme Catherine Cooremans.<\/p>\n<p>H\u00c9BERGEUR<\/p>\n<p>L\u2019h\u00e9bergement du pr\u00e9sent site Internet est assur\u00e9 par la soci\u00e9t\u00e9 Infomaniak, dont les informations sont les suivantes :<\/p>\n<p>Nom de Soci\u00e9t\u00e9 : Infomaniak Network SA<br \/>\nAdresse du si\u00e8ge social : Rue Eug\u00e8ne Marziano 25, 1227 Les Acacias, SUISSE<br \/>\nT\u00e9l\u00e9phone : +41 22 820 35 55<\/p>\n","protected":false},"excerpt":{"rendered":"<p>\u00c9DITEUR Le pr\u00e9sent site Internet www.mbenefits.ch est \u00e9dit\u00e9 et exploit\u00e9 par la soci\u00e9t\u00e9 Ipso Facto SA, dont les informations sont les suivantes : Nom de Soci\u00e9t\u00e9 : Ipso Facto SA Directeur(s) de la soci\u00e9t\u00e9 : Mme Catherine Cooremans Adresse du si\u00e8ge social : Rue Joseph-Girard 6, 1227 Carouge GE, SUISSE N\u00b0 registre commerce : CH-660.0.135.986-7&hellip; <a class=\"more-link\" href=\"https:\/\/www.mbenefits.ch\/fr\/mentions-legales\/\">Continue reading <span class=\"screen-reader-text\">Mentions l\u00e9gales<\/span><\/a><\/p>\n","protected":false},"author":2,"featured_media":0,"parent":0,"menu_order":0,"comment_status":"closed","ping_status":"closed","template":"","meta":{"inline_featured_image":false,"footnotes":""},"_links":{"self":[{"href":"https:\/\/www.mbenefits.ch\/fr\/wp-json\/wp\/v2\/pages\/352"}],"collection":[{"href":"https:\/\/www.mbenefits.ch\/fr\/wp-json\/wp\/v2\/pages"}],"about":[{"href":"https:\/\/www.mbenefits.ch\/fr\/wp-json\/wp\/v2\/types\/page"}],"author":[{"embeddable":true,"href":"https:\/\/www.mbenefits.ch\/fr\/wp-json\/wp\/v2\/users\/2"}],"replies":[{"embeddable":true,"href":"https:\/\/www.mbenefits.ch\/fr\/wp-json\/wp\/v2\/comments?post=352"}],"version-history":[{"count":3,"href":"https:\/\/www.mbenefits.ch\/fr\/wp-json\/wp\/v2\/pages\/352\/revisions"}],"predecessor-version":[{"id":355,"href":"https:\/\/www.mbenefits.ch\/fr\/wp-json\/wp\/v2\/pages\/352\/revisions\/355"}],"wp:attachment":[{"href":"https:\/\/www.mbenefits.ch\/fr\/wp-json\/wp\/v2\/media?parent=352"}],"curies":[{"name":"wp","href":"https:\/\/api.w.org\/{rel}","templated":true}]}}