{"id":356,"date":"2024-10-23T13:13:48","date_gmt":"2024-10-23T13:13:48","guid":{"rendered":"https:\/\/www.mbenefits.ch\/?page_id=356"},"modified":"2024-10-23T13:13:48","modified_gmt":"2024-10-23T13:13:48","slug":"politique-de-confidentialite","status":"publish","type":"page","link":"https:\/\/www.mbenefits.ch\/fr\/politique-de-confidentialite\/","title":{"rendered":"Politique de confidentialit\u00e9"},"content":{"rendered":"<p>Mise en ligne le : 23\/10\/2024<\/p>\n<p>Article 1 \u2013 Objet<\/p>\n<p>La pr\u00e9sente Politique de confidentialit\u00e9 vise \u00e0 vous indiquer quelles donn\u00e9es nous collectons et pour quelles raisons, ainsi que la fa\u00e7on de les mettre \u00e0 jour, de les g\u00e9rer, de les exporter et de les supprimer.<\/p>\n<p>Article 2 \u2013 Protection des donn\u00e9es personnelles de mani\u00e8re g\u00e9n\u00e9rale<\/p>\n<p>Les donn\u00e9es personnelles de l\u2019Utilisateur sont trait\u00e9es conform\u00e9ment aux dispositions de la Loi f\u00e9d\u00e9rale suisse sur la protection des donn\u00e9es (LPD).<\/p>\n<p>Article 3 \u2013 Identit\u00e9 du responsable du traitement des donn\u00e9es<\/p>\n<p>Le Responsable du traitement de vos donn\u00e9es personnelles est :<br \/>\nMme Catherine Cooremans<\/p>\n<p>Article 4 \u2013 Donn\u00e9es personnelles trait\u00e9es et finalit\u00e9s<\/p>\n<p>Dans le cadre de l\u2019utilisation du site internet, le Responsable de traitement est amen\u00e9 \u00e0 collecter des donn\u00e9es personnelles relatives \u00e0 l\u2019Utilisateur. Tel est le cas lorsque l\u2019utilisateur :<br \/>\ninscription \u00e0 une newsletter, passation de commande, cr\u00e9ation d\u2019un compte<\/p>\n<p>Les informations recueillies par le Responsable de traitement sont :<br \/>\nnom, pr\u00e9nom, adresse, num\u00e9ro de t\u00e9l\u00e9phone, adresse mail, code postal, ville, mot de passe, coordonn\u00e9es bancaires<\/p>\n<p>Les informations collect\u00e9es par le Responsable de traitement sont utilis\u00e9es pour :<br \/>\ntraiter les commandes des utilisateurs, livrer les produits achet\u00e9s sur le site internet, g\u00e9rer les paiements et les relations avec les internautes dans le cadre de leur commande, envoyer une newsletter<\/p>\n<p>Ces informations sont \u00e9galement utilis\u00e9es par le Responsable de traitement \u00e0 des fins d\u2019\u00e9tudes statistiques pour am\u00e9liorer le site internet.<\/p>\n<p>Les informations personnelles sont collect\u00e9es par le biais de :<br \/>\nformulaires \u00e0 remplir<\/p>\n<p>Le Responsable de traitement pourra adresser des offres commerciales par voie de newsletters si l\u2019utilisateur l\u2019a accept\u00e9 sur le site internet.<\/p>\n<p>Lorsque certaines informations sont obligatoires pour acc\u00e9der \u00e0 des fonctionnalit\u00e9s sp\u00e9cifiques du site, le Responsable de traitement indiquera ce caract\u00e8re obligatoire au moment de la saisie des donn\u00e9es.<\/p>\n<p>Article 5 \u2013 Cookies<br \/>\nUn cookie est un fichier texte de taille limit\u00e9e d\u00e9pos\u00e9, lors de votre consultation du Site, par votre navigateur Internet, et stock\u00e9 sur votre terminal (ordinateur, tablette, smartphone, liseuse num\u00e9rique, etc.). Ils ont notamment pour but de collecter des informations relatives \u00e0 votre navigation sur le Site. Lors de votre visite sur le Site, des informations relatives \u00e0 la navigation de votre terminal sur le Site pourront ainsi \u00eatre enregistr\u00e9es dans ces cookies. Lorsque vous vous connecterez sur le Site \u00e0 l\u2019aide du m\u00eame terminal, le navigateur pourra utiliser les donn\u00e9es du cookie et les transmettre au Site. Seul l\u2019\u00e9metteur du cookie concern\u00e9 est susceptible de lire ou de modifier les informations qui y sont contenues.<\/p>\n<p>Les donn\u00e9es \u00e0 caract\u00e8re personnel susceptibles d\u2019\u00eatre collect\u00e9es via les cookies sont votre adresse IP, le num\u00e9ro unique d\u2019identification du terminal et le type de votre terminal, le type de navigateur, la langue, le pays et le fuseau horaire, le syst\u00e8me d\u2019exploitation et param\u00e9trage, les sites Internet que vous avez pr\u00e9alablement visit\u00e9s, l\u2019heure d\u2019acc\u00e8s \u00e0 son Site, les URL de r\u00e9f\u00e9rence, les informations sur vos actions sur son Site telles que votre comportement en termes de clics, achats et pr\u00e9f\u00e9rences. L\u2019utilisation des cookies ne peut en aucun cas permettre de vous identifier directement.<\/p>\n<p>Il existe diff\u00e9rents types de cookies.<\/p>\n<p>L\u2019utilisation des cookies est soumise \u00e0 votre consentement d\u00e8s lors qu\u2019ils ne sont pas strictement n\u00e9cessaires au fonctionnement du Site.<\/p>\n<p>Vous pouvez \u00e0 tout moment param\u00e9trer (accepter ou refuser) les cookies ou en param\u00e9trant votre logiciel de navigation.<br \/>\nLa dur\u00e9e de vie d\u2019un cookie diff\u00e8re selon sa finalit\u00e9 et sa fonction.<\/p>\n<p>Article 6 \u2013 Communication, transfert et sous-traitance des donn\u00e9es \u00e0 des tiers<\/p>\n<p>Les informations recueillies peuvent \u00eatre communiqu\u00e9es \u00e0 des tiers li\u00e9s au Responsable de traitement par contrat pour l\u2019ex\u00e9cution de t\u00e2ches. Les demandes d\u2019acc\u00e8s des autorit\u00e9s suisses au sens de la LPD sont \u00e9galement r\u00e9serv\u00e9es.<\/p>\n<p>Article 7 \u2013 Droit des Utilisateurs<\/p>\n<p>L\u2019Utilisateur dispose d\u2019un droit d\u2019acc\u00e8s, d\u2019opposition, de rectification, d\u2019effacement, de limitation et de portabilit\u00e9 de ses donn\u00e9es personnelles. L\u2019Utilisateur a le droit de retirer son consentement \u00e0 tout moment si celui-ci est n\u00e9cessaire au traitement en question.<\/p>\n<p>Ces droits peuvent \u00eatre exercer \u00e0 tout moment aupr\u00e8s du Responsable de traitement:<br \/>\nIpso Facto SA, Rue Joseph-Girard 6, 1227 Carouge GE, SUISSE catherine.cooremans@ipso-facto.ch<\/p>\n<p>Pour des raisons de s\u00e9curit\u00e9 et \u00e9viter toute demande frauduleuse, cette demande devra \u00eatre accompagn\u00e9e d\u2019un justificatif d\u2019identit\u00e9.<\/p>\n<p>Article 8 \u2013 Modifications<\/p>\n<p>La pr\u00e9sente Politique de confidentialit\u00e9 peut \u00eatre modifi\u00e9e en tout temps, la version fran\u00e7aise publi\u00e9e sur le site internet \u00e9tant celle qui fait foi.<\/p>\n<p>Article 9 \u2013 Droit applicable et for<\/p>\n<p>La pr\u00e9sente Politique de confidentialit\u00e9 est soumise au droit suisse et les tribunaux suisses sont comp\u00e9tents en cas de litige.<\/p>\n","protected":false},"excerpt":{"rendered":"<p>Mise en ligne le : 23\/10\/2024 Article 1 \u2013 Objet La pr\u00e9sente Politique de confidentialit\u00e9 vise \u00e0 vous indiquer quelles donn\u00e9es nous collectons et pour quelles raisons, ainsi que la fa\u00e7on de les mettre \u00e0 jour, de les g\u00e9rer, de les exporter et de les supprimer. Article 2 \u2013 Protection des donn\u00e9es personnelles de mani\u00e8re&hellip; <a class=\"more-link\" href=\"https:\/\/www.mbenefits.ch\/fr\/politique-de-confidentialite\/\">Continue reading <span class=\"screen-reader-text\">Politique de confidentialit\u00e9<\/span><\/a><\/p>\n","protected":false},"author":2,"featured_media":0,"parent":0,"menu_order":0,"comment_status":"closed","ping_status":"closed","template":"","meta":{"inline_featured_image":false,"footnotes":""},"_links":{"self":[{"href":"https:\/\/www.mbenefits.ch\/fr\/wp-json\/wp\/v2\/pages\/356"}],"collection":[{"href":"https:\/\/www.mbenefits.ch\/fr\/wp-json\/wp\/v2\/pages"}],"about":[{"href":"https:\/\/www.mbenefits.ch\/fr\/wp-json\/wp\/v2\/types\/page"}],"author":[{"embeddable":true,"href":"https:\/\/www.mbenefits.ch\/fr\/wp-json\/wp\/v2\/users\/2"}],"replies":[{"embeddable":true,"href":"https:\/\/www.mbenefits.ch\/fr\/wp-json\/wp\/v2\/comments?post=356"}],"version-history":[{"count":1,"href":"https:\/\/www.mbenefits.ch\/fr\/wp-json\/wp\/v2\/pages\/356\/revisions"}],"predecessor-version":[{"id":357,"href":"https:\/\/www.mbenefits.ch\/fr\/wp-json\/wp\/v2\/pages\/356\/revisions\/357"}],"wp:attachment":[{"href":"https:\/\/www.mbenefits.ch\/fr\/wp-json\/wp\/v2\/media?parent=356"}],"curies":[{"name":"wp","href":"https:\/\/api.w.org\/{rel}","templated":true}]}}