{"id":589,"date":"2025-10-23T15:08:44","date_gmt":"2025-10-23T15:08:44","guid":{"rendered":"https:\/\/www.mbenefits.ch\/?page_id=589"},"modified":"2025-10-23T15:18:46","modified_gmt":"2025-10-23T15:18:46","slug":"actus","status":"publish","type":"page","link":"https:\/\/www.mbenefits.ch\/fr\/actus\/","title":{"rendered":"Actus"},"content":{"rendered":"<h3 data-start=\"210\" data-end=\"226\"><span style=\"font-size: 20px;\">Suivez les derni\u00e8res actualit\u00e9s de MBenefits.<br \/>\nD\u00e9couvrez nos publications LinkedIn, nos projets r\u00e9cents et les sujets qui nous inspirent au quotidien.<\/span><\/h3>\n<p>&nbsp;<\/p>\n<h2 data-start=\"210\" data-end=\"226\"><!-- Elfsight LinkedIn Feed | Untitled LinkedIn Feed --><script src=\"https:\/\/elfsightcdn.com\/platform.js\" async><\/script><\/h2>\n<div class=\"elfsight-app-b1b049a0-baa0-4946-927b-760aafa1784e\" data-elfsight-app-lazy=\"\"><\/div>\n","protected":false},"excerpt":{"rendered":"<p>Suivez les derni\u00e8res actualit\u00e9s de MBenefits. D\u00e9couvrez nos publications LinkedIn, nos projets r\u00e9cents et les sujets qui nous inspirent au quotidien. &nbsp;<\/p>\n","protected":false},"author":2,"featured_media":251,"parent":0,"menu_order":0,"comment_status":"closed","ping_status":"closed","template":"","meta":{"inline_featured_image":false,"footnotes":""},"_links":{"self":[{"href":"https:\/\/www.mbenefits.ch\/fr\/wp-json\/wp\/v2\/pages\/589"}],"collection":[{"href":"https:\/\/www.mbenefits.ch\/fr\/wp-json\/wp\/v2\/pages"}],"about":[{"href":"https:\/\/www.mbenefits.ch\/fr\/wp-json\/wp\/v2\/types\/page"}],"author":[{"embeddable":true,"href":"https:\/\/www.mbenefits.ch\/fr\/wp-json\/wp\/v2\/users\/2"}],"replies":[{"embeddable":true,"href":"https:\/\/www.mbenefits.ch\/fr\/wp-json\/wp\/v2\/comments?post=589"}],"version-history":[{"count":5,"href":"https:\/\/www.mbenefits.ch\/fr\/wp-json\/wp\/v2\/pages\/589\/revisions"}],"predecessor-version":[{"id":594,"href":"https:\/\/www.mbenefits.ch\/fr\/wp-json\/wp\/v2\/pages\/589\/revisions\/594"}],"wp:featuredmedia":[{"embeddable":true,"href":"https:\/\/www.mbenefits.ch\/fr\/wp-json\/wp\/v2\/media\/251"}],"wp:attachment":[{"href":"https:\/\/www.mbenefits.ch\/fr\/wp-json\/wp\/v2\/media?parent=589"}],"curies":[{"name":"wp","href":"https:\/\/api.w.org\/{rel}","templated":true}]}}