{"id":99,"date":"2024-05-02T12:50:25","date_gmt":"2024-05-02T12:50:25","guid":{"rendered":"https:\/\/www.mbenefits.ch\/base-de-connaissances-mbenefits\/"},"modified":"2026-04-08T15:30:55","modified_gmt":"2026-04-08T15:30:55","slug":"etudes-de-cas-mbenefits","status":"publish","type":"page","link":"https:\/\/www.mbenefits.ch\/fr\/etudes-de-cas-mbenefits\/","title":{"rendered":"ETUDES DE CAS MBENEFITS"},"content":{"rendered":"<style><span data-mce-type=\"bookmark\" style=\"display: inline-block; width: 0px; overflow: hidden; line-height: 0;\" class=\"mce_SELRES_start\">\ufeff<\/span><span data-mce-type=\"bookmark\" style=\"display: inline-block; width: 0px; overflow: hidden; line-height: 0;\" class=\"mce_SELRES_start\">\ufeff<\/span><span data-mce-type=\"bookmark\" style=\"display: inline-block; width: 0px; overflow: hidden; line-height: 0;\" class=\"mce_SELRES_start\">\ufeff<\/span><span data-mce-type=\"bookmark\" style=\"display: inline-block; width: 0px; overflow: hidden; line-height: 0;\" class=\"mce_SELRES_start\">\ufeff<\/span><br \/>h2.section_title{margin-bottom:0 !important;}<br \/><\/style>\n<h3>B\u00e9n\u00e9fices multiples de l&rsquo;efficacit\u00e9 \u00e9nerg\u00e9tique<\/h3>\n<h5>23 \u00e9valuations pilotes en collaboration avec 20 entreprises dans l&rsquo;UE, en Suisse et aux \u00c9tats-Unis<\/h5>\n<div class=\"what_past_middle\" style=\"margin-top: 30px;\">\n<div class=\"row\">\n<div class=\"col-md-6 text-center\" style=\"width: 100% !important; flex: auto !important; max-width: 100% !important;\"><a href=\"https:\/\/www.mbenefits.ch\/20250329-fr.pdf\"><img loading=\"lazy\" decoding=\"async\" class=\"wp-image-306 alignleft\" src=\"https:\/\/www.mbenefits.ch\/20250329-fr.png\" width=\"531\" height=\"299\" \/><\/a>.\u00a0 \u00a0 \u00a0 \u00a0 \u00a0 \u00a0 \u00a0 \u00a0 \u00a0 \u00a0 \u00a0 \u00a0 \u00a0 \u00a0 <a href=\"https:\/\/www.mbenefits.ch\/wp-content\/uploads\/2025\/09\/MBENEFITS_Etude-de-cas-HERA_FR_07.09.25.pdf\"><img loading=\"lazy\" decoding=\"async\" class=\"wp-image-495 alignnone\" src=\"https:\/\/www.mbenefits.ch\/wp-content\/uploads\/2025\/09\/etudedecas.png\" alt=\"\" width=\"525\" height=\"296\" srcset=\"https:\/\/www.mbenefits.ch\/wp-content\/uploads\/2025\/09\/etudedecas.png 1606w, https:\/\/www.mbenefits.ch\/wp-content\/uploads\/2025\/09\/etudedecas-300x169.png 300w, https:\/\/www.mbenefits.ch\/wp-content\/uploads\/2025\/09\/etudedecas-1024x578.png 1024w, https:\/\/www.mbenefits.ch\/wp-content\/uploads\/2025\/09\/etudedecas-768x433.png 768w, https:\/\/www.mbenefits.ch\/wp-content\/uploads\/2025\/09\/etudedecas-1536x867.png 1536w, https:\/\/www.mbenefits.ch\/wp-content\/uploads\/2025\/09\/etudedecas-1568x885.png 1568w\" sizes=\"(max-width: 525px) 100vw, 525px\" \/><\/a><\/div>\n<\/div>\n<\/div>\n<div class=\"what_past_middle\" style=\"margin-top: 30px;\">\n<div class=\"row\">\n<div class=\"col-md-6 text-center\"><a href=\"https:\/\/www.mbenefits.ch\/5-v2.pdf\"><img loading=\"lazy\" decoding=\"async\" class=\"alignnone wp-image-306\" src=\"https:\/\/www.mbenefits.ch\/005-v3.jpg\" width=\"536\" height=\"301\" \/><\/a><\/div>\n<div class=\"col-md-6 text-center\">\n<div class=\"img_block\"><a href=\"https:\/\/www.mbenefits.ch\/6.pdf\"><img loading=\"lazy\" decoding=\"async\" class=\"\" src=\"https:\/\/www.mbenefits.ch\/006.jpg\" width=\"526\" height=\"299\" \/><\/a><\/div>\n<\/div>\n<div class=\"col-md-6 text-center\">\n<div class=\"img_block\"><a href=\"https:\/\/www.mbenefits.ch\/7.pdf\"><img loading=\"lazy\" decoding=\"async\" class=\"\" src=\"https:\/\/www.mbenefits.ch\/007.jpg\" width=\"533\" height=\"302\" \/><\/a><\/div>\n<\/div>\n<div class=\"col-md-6 text-center\">\n<div class=\"img_block\"><a href=\"https:\/\/www.mbenefits.ch\/8.pdf\"><img decoding=\"async\" src=\"https:\/\/www.mbenefits.ch\/008.jpg\" \/><\/a><\/div>\n<\/div>\n<div class=\"col-md-6 text-center\" style=\"width: 100% !important; flex: auto !important; max-width: 100% !important;\"><a href=\"https:\/\/www.mbenefits.ch\/202405.pdf\"><img decoding=\"async\" class=\"alignnone size-full wp-image-306\" src=\"https:\/\/www.mbenefits.ch\/202405.jpg\" \/><\/a><\/div>\n<div><\/div>\n<\/div>\n<\/div>\n","protected":false},"excerpt":{"rendered":"<p>B\u00e9n\u00e9fices multiples de l&rsquo;efficacit\u00e9 \u00e9nerg\u00e9tique 23 \u00e9valuations pilotes en collaboration avec 20 entreprises dans l&rsquo;UE, en Suisse et aux \u00c9tats-Unis .\u00a0 \u00a0 \u00a0 \u00a0 \u00a0 \u00a0 \u00a0 \u00a0 \u00a0 \u00a0 \u00a0 \u00a0 \u00a0 \u00a0<\/p>\n","protected":false},"author":1,"featured_media":0,"parent":0,"menu_order":0,"comment_status":"closed","ping_status":"closed","template":"","meta":{"inline_featured_image":false,"footnotes":""},"_links":{"self":[{"href":"https:\/\/www.mbenefits.ch\/fr\/wp-json\/wp\/v2\/pages\/99"}],"collection":[{"href":"https:\/\/www.mbenefits.ch\/fr\/wp-json\/wp\/v2\/pages"}],"about":[{"href":"https:\/\/www.mbenefits.ch\/fr\/wp-json\/wp\/v2\/types\/page"}],"author":[{"embeddable":true,"href":"https:\/\/www.mbenefits.ch\/fr\/wp-json\/wp\/v2\/users\/1"}],"replies":[{"embeddable":true,"href":"https:\/\/www.mbenefits.ch\/fr\/wp-json\/wp\/v2\/comments?post=99"}],"version-history":[{"count":51,"href":"https:\/\/www.mbenefits.ch\/fr\/wp-json\/wp\/v2\/pages\/99\/revisions"}],"predecessor-version":[{"id":628,"href":"https:\/\/www.mbenefits.ch\/fr\/wp-json\/wp\/v2\/pages\/99\/revisions\/628"}],"wp:attachment":[{"href":"https:\/\/www.mbenefits.ch\/fr\/wp-json\/wp\/v2\/media?parent=99"}],"curies":[{"name":"wp","href":"https:\/\/api.w.org\/{rel}","templated":true}]}}